{"id":1004,"date":"2025-04-05T00:48:46","date_gmt":"2025-04-05T00:48:46","guid":{"rendered":"https:\/\/vmtc-usa.org\/?page_id=1004"},"modified":"2025-11-14T01:01:32","modified_gmt":"2025-11-14T01:01:32","slug":"escuelas-vmtc","status":"publish","type":"page","link":"https:\/\/vmtc-mexico.org\/es_mx\/vmtc-schools\/","title":{"rendered":"Escuelas VMTC"},"content":{"rendered":"<section class=\"l-section wpb_row height_huge width_custom color_secondary with_img\" style=\"--site-content-width:900px;\"><div class=\"l-section-img\" role=\"img\" aria-label=\"vmtc mexico, vmtc, deliverance school, prayer school, ministry session, spiritual warfare,\" data-img-width=\"2560\" data-img-height=\"1707\" style=\"background-image: url(https:\/\/vmtc-mexico.org\/wp-content\/uploads\/2025\/03\/getty-images-lvc1Rxd-JAg-unsplash-scaled.jpg);\"><\/div><div class=\"l-section-overlay\" style=\"background:rgba(0,0,0,0.65)\"><\/div><div class=\"l-section-h i-cf\"><div class=\"g-cols vc_row via_grid cols_1 laptops-cols_inherit tablets-cols_inherit mobiles-cols_1 valign_top type_default stacking_default\"><div class=\"wpb_column vc_column_container\"><div class=\"vc_column-inner\"><div class=\"w-separator size_medium\"><\/div><h1 class=\"w-text us_custom_eb849559\"><span class=\"w-text-h\"><span class=\"w-text-value\">Servir como ministro de oraci\u00f3n<\/span><\/span><\/h1><div class=\"w-separator size_small\"><\/div><div class=\"wpb_text_column us_custom_69ba84ab\"><div class=\"wpb_wrapper\"><p>Por el bien del que recibe el ministerio El Esp\u00edritu Santo gu\u00eda.\u00a0<\/p>\n<\/div><\/div><div class=\"w-separator size_medium\"><\/div><div class=\"w-hwrapper valign_middle wrap align_center\" style=\"--hwrapper-gap:1.2rem\"><div class=\"w-btn-wrapper align_none\"><a class=\"w-btn us-btn-style_1 us_custom_ae66c2cd\" href=\"\/es_mx\/acerca-de\/\"><span class=\"w-btn-label\">Qui\u00e9nes somos<\/span><\/a><\/div><\/div><\/div><\/div><\/div><\/div><\/section><section class=\"l-section wpb_row us_custom_eb849559 height_custom\"><div class=\"l-section-h i-cf\"><div class=\"g-cols vc_row via_grid cols_1 laptops-cols_inherit tablets-cols_inherit mobiles-cols_1 valign_top type_default stacking_default\"><div class=\"wpb_column vc_column_container\"><div class=\"vc_column-inner\"><div class=\"w-text us_custom_279d24b8\"><span class=\"w-text-h\"><span class=\"w-text-value\">\u00bfEst\u00e1 listo para ser equipado para este ministerio que cambia vidas? Obtenga m\u00e1s informaci\u00f3n sobre nuestra formaci\u00f3n y convi\u00e9rtase hoy mismo en un ministro de oraci\u00f3n del Ministerio Victorioso a trav\u00e9s de Cristo.<\/span><\/span><\/div><\/div><\/div><\/div><\/div><\/section><section class=\"l-section wpb_row height_large\"><div class=\"l-section-h i-cf\"><div class=\"g-cols vc_row via_grid cols_1 laptops-cols_inherit tablets-cols_inherit mobiles-cols_1 valign_top type_default stacking_default\"><div class=\"wpb_column vc_column_container\"><div class=\"vc_column-inner\"><div class=\"wpb_text_column us_custom_2e9da019\"><div class=\"wpb_wrapper\"><h2 class=\"w-text us_custom_eb849559\"><span class=\"w-text-h\"><span class=\"w-text-value\">Convi\u00e9rtase en ministro de la oraci\u00f3n<\/span><\/span><\/h2>\n<\/div><\/div><div class=\"w-separator size_huge\"><\/div><div class=\"g-cols wpb_row via_grid cols_2 laptops-cols_inherit tablets-cols_inherit mobiles-cols_1 valign_middle type_default reversed stacking_default\" style=\"--columns-gap:4vw;\"><div class=\"wpb_column vc_column_container\"><div class=\"vc_column-inner\"><div class=\"w-image has_ratio align_none\"><div class=\"w-image-h\"><div style=\"padding-bottom:75%\"><\/div><img decoding=\"async\" width=\"1024\" height=\"694\" src=\"https:\/\/vmtc-mexico.org\/wp-content\/uploads\/2025\/04\/getty-images-8QQJlaDtDtk-unsplash-1024x694.jpg\" class=\"attachment-large size-large\" alt=\"\" loading=\"lazy\" \/><\/div><\/div><\/div><\/div><div class=\"wpb_column vc_column_container\"><div class=\"vc_column-inner\"><div class=\"wpb_text_column us_custom_d98eb4eb\"><div class=\"wpb_wrapper\"><h4><strong>Formaci\u00f3n que conduce a una libertad duradera<\/strong><\/h4>\n<p>La liberaci\u00f3n es s\u00f3lo el principio. Enfatizamos la importancia de la ense\u00f1anza de seguimiento para ayudar a los individuos a mantenerse libres, reconocer las t\u00e1cticas del enemigo y caminar en victoria a trav\u00e9s de la guerra espiritual. Nuestro proceso de nueve pasos es minucioso, eficaz y est\u00e1 profundamente arraigado en las Escrituras, equip\u00e1ndole con todo lo que necesita para convertirse en un <strong>Ministerio victorioso a trav\u00e9s de Cristo<\/strong> ministro de oraci\u00f3n.<\/p>\n<\/div><\/div><\/div><\/div><\/div><div class=\"w-separator size_large\"><\/div><div class=\"g-cols wpb_row via_grid cols_2 laptops-cols_inherit tablets-cols_inherit mobiles-cols_1 valign_middle type_default stacking_default\" style=\"--columns-gap:4vw;\"><div class=\"wpb_column vc_column_container\"><div class=\"vc_column-inner\"><div class=\"wpb_text_column us_custom_b818dcba\"><div class=\"wpb_wrapper\"><h4><strong>Guiados por el Esp\u00edritu Santo, arraigados en Cristo<\/strong><\/h4>\n<p>No se trata s\u00f3lo de un m\u00e9todo, sino de un proceso impulsado por el Esp\u00edritu. Reconocemos que s\u00f3lo Cristo hace la obra y recibe la gloria. Como Su iglesia, ministramos a trav\u00e9s de la autoridad y el poder que \u00c9l nos ha dado, confiando siempre en los dones del Esp\u00edritu Santo para guiarnos y obrar a trav\u00e9s de nosotros.<\/p>\n<\/div><\/div><\/div><\/div><div class=\"wpb_column vc_column_container\"><div class=\"vc_column-inner\"><div class=\"w-image has_ratio align_none\"><div class=\"w-image-h\"><div style=\"padding-bottom:75%\"><\/div><img decoding=\"async\" width=\"1024\" height=\"683\" src=\"https:\/\/vmtc-mexico.org\/wp-content\/uploads\/2025\/04\/curated-lifestyle-jEaTQnJwS-c-unsplash-1024x683.jpg\" class=\"attachment-large size-large\" alt=\"\" loading=\"lazy\" \/><\/div><\/div><\/div><\/div><\/div><div class=\"w-separator size_large\"><\/div><div class=\"g-cols wpb_row via_grid cols_2 laptops-cols_inherit tablets-cols_inherit mobiles-cols_1 valign_middle type_default reversed stacking_default\" style=\"--columns-gap:4vw;\"><div class=\"wpb_column vc_column_container\"><div class=\"vc_column-inner\"><div class=\"w-image has_ratio align_none\"><div class=\"w-image-h\"><div style=\"padding-bottom:75%\"><\/div><img decoding=\"async\" width=\"1024\" height=\"683\" src=\"https:\/\/vmtc-mexico.org\/wp-content\/uploads\/2025\/04\/daiga-ellaby-JLwtJS9UHRM-unsplash-1024x683.jpg\" class=\"attachment-large size-large\" alt=\"\" loading=\"lazy\" \/><\/div><\/div><\/div><\/div><div class=\"wpb_column vc_column_container\"><div class=\"vc_column-inner\"><div class=\"wpb_text_column us_custom_d98eb4eb\"><div class=\"wpb_wrapper\"><h4><strong>Un enfoque b\u00edblico para liberar a los cautivos<\/strong><\/h4>\n<p>Nuestra escuela ministerial proporciona una formaci\u00f3n completa en nuestro modelo probado de ministerio de oraci\u00f3n. A trav\u00e9s de un proceso estructurado pero guiado por el Esp\u00edritu, ense\u00f1amos y preparamos a los individuos para sus sesiones de ministerio. Nuestros equipos de oraci\u00f3n formados ministran de forma silenciosa y suave, permitiendo que el poder de Dios traiga una libertad duradera, sin bombo ni platillo.<\/p>\n<\/div><\/div><\/div><\/div><\/div><\/div><\/div><\/div><\/div><\/section>","protected":false},"excerpt":{"rendered":"Serve as a Prayer MinisterFor the good of the one receiving ministry Holy Spirit lead.\u00a0 About UsAre you ready to be equipped for this life-changing ministry? Learn more about our training and become a Victorious Ministry Through Christ prayer minister today.Become A Prayer Minister Training That Leads to Lasting Freedom Deliverance is just the beginning....","protected":false},"author":1,"featured_media":0,"parent":0,"menu_order":0,"comment_status":"closed","ping_status":"closed","template":"","meta":{"om_disable_all_campaigns":false,"_monsterinsights_skip_tracking":false,"_monsterinsights_sitenote_active":false,"_monsterinsights_sitenote_note":"","_monsterinsights_sitenote_category":0,"footnotes":""},"class_list":["post-1004","page","type-page","status-publish","hentry"],"aioseo_notices":[],"_links":{"self":[{"href":"https:\/\/vmtc-mexico.org\/es_mx\/wp-json\/wp\/v2\/pages\/1004","targetHints":{"allow":["GET"]}}],"collection":[{"href":"https:\/\/vmtc-mexico.org\/es_mx\/wp-json\/wp\/v2\/pages"}],"about":[{"href":"https:\/\/vmtc-mexico.org\/es_mx\/wp-json\/wp\/v2\/types\/page"}],"author":[{"embeddable":true,"href":"https:\/\/vmtc-mexico.org\/es_mx\/wp-json\/wp\/v2\/users\/1"}],"replies":[{"embeddable":true,"href":"https:\/\/vmtc-mexico.org\/es_mx\/wp-json\/wp\/v2\/comments?post=1004"}],"version-history":[{"count":6,"href":"https:\/\/vmtc-mexico.org\/es_mx\/wp-json\/wp\/v2\/pages\/1004\/revisions"}],"predecessor-version":[{"id":1122,"href":"https:\/\/vmtc-mexico.org\/es_mx\/wp-json\/wp\/v2\/pages\/1004\/revisions\/1122"}],"wp:attachment":[{"href":"https:\/\/vmtc-mexico.org\/es_mx\/wp-json\/wp\/v2\/media?parent=1004"}],"curies":[{"name":"wp","href":"https:\/\/api.w.org\/{rel}","templated":true}]}}