{"id":356,"date":"2021-12-06T18:17:30","date_gmt":"2021-12-06T18:17:30","guid":{"rendered":"https:\/\/impreza22.us-themes.com\/?page_id=356"},"modified":"2025-11-13T19:41:11","modified_gmt":"2025-11-13T19:41:11","slug":"acerca-de","status":"publish","type":"page","link":"https:\/\/vmtc-mexico.org\/es_mx\/about\/","title":{"rendered":"Acerca de"},"content":{"rendered":"<section class=\"l-section wpb_row height_huge color_secondary with_img parallax_ver\"><div class=\"l-section-img\" role=\"img\" aria-label=\"VMTC, Mexico, Victorious Ministry Through Christ\" data-img-width=\"2560\" data-img-height=\"1690\" style=\"background-image: url(https:\/\/vmtc-mexico.org\/wp-content\/uploads\/2025\/11\/diverse-group-of-people-sitting-in-circle-in-group-2025-01-29-14-46-29-utc-scaled.jpg);background-position: top center;\"><\/div><div class=\"l-section-overlay\" style=\"background:linear-gradient(90deg,#000,rgba(0,0,0,0.00))\"><\/div><div class=\"l-section-h i-cf\"><div class=\"g-cols vc_row via_grid cols_1 laptops-cols_inherit tablets-cols_1 mobiles-cols_1 valign_top type_default reversed stacking_default\" style=\"--columns-gap:0rem;\"><div class=\"wpb_column vc_column_container us_custom_fd43344c\"><div class=\"vc_column-inner\"><div class=\"w-text us_custom_7151e0e3 has_text_color\"><span class=\"w-text-h\"><span class=\"w-text-value\">Para el beneficio del que recibe el ministerio El Esp\u00edritu Santo conduce<\/span><\/span><\/div><div class=\"w-separator size_small\"><\/div><h1 class=\"w-text us_custom_4a05e928\"><span class=\"w-text-h\"><span class=\"w-text-value\">Acerca de<br \/>VMTC-Espanol<\/span><\/span><\/h1><div class=\"w-hwrapper valign_middle wrap align_none\" style=\"--hwrapper-gap:3rem\"><div class=\"w-btn-wrapper align_none\"><a class=\"w-btn us-btn-style_1 us_custom_0207f80c\" href=\"\/es_mx\/pongase-en-contacto-con\/\"><span class=\"w-btn-label\">Contacto<\/span><\/a><\/div><div class=\"wpb_text_column us_custom_c855cf77\"><div class=\"wpb_wrapper\"><p><em>\"\u00a1Pero gracias a Dios! \u00c9l nos da la victoria por medio de nuestro Se\u00f1or Jesucristo\".<\/em><span>\u00a01 Corintios 15:57<\/span><\/p>\n<\/div><\/div><\/div><\/div><\/div><\/div><\/div><\/section><section class=\"l-section wpb_row us_custom_e11ab399 height_custom\"><div class=\"l-section-h i-cf\"><div class=\"g-cols vc_row via_grid cols_2 laptops-cols_inherit tablets-cols_inherit mobiles-cols_1 valign_middle type_default stacking_default\" style=\"--columns-gap:20px;\"><div class=\"wpb_column vc_column_container us_custom_f566a565\"><div class=\"vc_column-inner\"><div class=\"wpb_text_column\"><div class=\"wpb_wrapper\"><h3><strong>Ministerio victorioso a trav\u00e9s de Cristo \u00ae<\/strong><\/h3>\n<\/div><\/div><div class=\"w-separator size_small\"><\/div><div class=\"wpb_text_column\"><div class=\"wpb_wrapper\"><p><span>Es un\u00a0<\/span><strong>internacional, ministerio guiado por el Esp\u00edritu Santo<\/strong><span>\u00a0que se est\u00e1 expandiendo en Estados Unidos, M\u00e9xico y Canad\u00e1. Nuestra intenci\u00f3n es asociarnos con ministerios de mentalidad similar que se est\u00e9n expandiendo por todo el mundo. Gobernada por una Junta Directiva, que est\u00e1 compuesta por\u00a0<\/span><strong>pastores, sacerdotes y laicos de diversas confesiones cristianas<\/strong><span>. Estos l\u00edderes han experimentado personalmente\u00a0<\/span><strong>el poder de Jesucristo para \"liberar a los cautivos\" y \"vendar a los quebrantados de coraz\u00f3n\" (Isa\u00edas 61:1, Lucas 4:18-21)<\/strong><span>\u00a0y han sido\u00a0<\/span><strong>formados y liberados para ministrar y equipar a otros<\/strong><span>.<\/span><\/p>\n<\/div><\/div><div class=\"w-separator size_medium\"><\/div><div class=\"wpb_text_column\"><div class=\"wpb_wrapper\"><h3><strong>Nuestra visi\u00f3n y misi\u00f3n<\/strong><\/h3>\n<\/div><\/div><div class=\"w-separator size_small\"><\/div><div class=\"wpb_text_column\"><div class=\"wpb_wrapper\"><p><span>La visi\u00f3n de\u00a0<\/span><strong>Ministerio victorioso a trav\u00e9s de Cristo<\/strong><span>\u00a0es\u00a0<\/span><strong>cumplir el ministerio de Jes\u00fas como se declara en Lucas 4:18-21<\/strong><span>-llevando sanaci\u00f3n y libertad a todas las personas a trav\u00e9s del poder del Esp\u00edritu Santo. Nuestra misi\u00f3n es\u00a0<\/span><strong>equipar y animar al pueblo de Dios<\/strong><span>\u00a0para continuar el ministerio sanador de Cristo, capacit\u00e1ndoles para caminar en una libertad y victoria m\u00e1s profundas.<\/span><\/p>\n<\/div><\/div><\/div><\/div><div class=\"wpb_column vc_column_container\"><div class=\"vc_column-inner\"><div class=\"w-image us_custom_213e151c has_ratio align_none\"><div class=\"w-image-h\"><div style=\"padding-bottom:100%\"><\/div><img decoding=\"async\" width=\"1024\" height=\"683\" src=\"https:\/\/vmtc-mexico.org\/wp-content\/uploads\/2025\/03\/getty-images-RoubX2vzn40-unsplash-1024x683.jpg\" class=\"attachment-large size-large\" alt=\"\" loading=\"lazy\" \/><\/div><\/div><\/div><\/div><\/div><\/div><\/section><section class=\"l-section wpb_row us_custom_e11ab399 height_custom\"><div class=\"l-section-h i-cf\"><div class=\"g-cols vc_row via_grid cols_2 laptops-cols_inherit tablets-cols_inherit mobiles-cols_1 valign_middle type_default reversed stacking_default\" style=\"--columns-gap:20px;\"><div class=\"wpb_column vc_column_container\"><div class=\"vc_column-inner\"><div class=\"w-image us_custom_213e151c has_ratio align_none\"><div class=\"w-image-h\"><div style=\"padding-bottom:100%\"><\/div><img decoding=\"async\" width=\"1024\" height=\"704\" src=\"https:\/\/vmtc-mexico.org\/wp-content\/uploads\/2025\/03\/getty-images-q1sv2YeORXk-unsplash-1024x704.jpg\" class=\"attachment-large size-large\" alt=\"\" loading=\"lazy\" \/><\/div><\/div><div class=\"w-separator size_medium\"><\/div><\/div><\/div><div class=\"wpb_column vc_column_container us_custom_b22008ad\"><div class=\"vc_column-inner\"><div class=\"wpb_text_column us_custom_63c4254a\"><div class=\"wpb_wrapper\"><h3><strong>Prop\u00f3sito<\/strong><\/h3>\n<p><span>El\u00a0<\/span><strong>Ministerio victorioso a trav\u00e9s de Cristo Escuelas de oraci\u00f3n<\/strong><span>\u00a0existen para equipar a ministros y laicos llenos del Esp\u00edritu con las herramientas b\u00edblicas y el discernimiento espiritual necesarios para llevar sanaci\u00f3n y restauraci\u00f3n a los afectados por relaciones rotas y heridas del pasado. Durante el\u00a0<\/span><strong>Escuela de tres d\u00edas<\/strong><span>primera experiencia de los participantes\u00a0<\/span><strong>libertad personal en cristo<\/strong><span>, liber\u00e1ndose de los obst\u00e1culos que entorpecen su camino espiritual. Esta transformaci\u00f3n les permite operar en\u00a0<\/span><strong>La autoridad de Jes\u00fas<\/strong><span>\u00a0sobre el pecado y las obras del enemigo, capacit\u00e1ndoles para ministrar eficazmente a los dem\u00e1s.<\/span><\/p>\n<p><span>Es esencial comprender que\u00a0<\/span><strong>Ministerio victorioso a trav\u00e9s de Cristo<\/strong><span>\u00a0no es asesoramiento psicol\u00f3gico ni terapia. En su lugar, es un\u00a0<\/span><strong>Ministerio de oraci\u00f3n guiado por el Esp\u00edritu Santo e impulsado por la fe<\/strong><span>donde las personas encuentran el poder del amor sanador de Dios. Nuestra formaci\u00f3n\u00a0<\/span><strong>Ministerio victorioso a trav\u00e9s de Cristo Ministros de oraci\u00f3n<\/strong><span>, sirviendo siempre en parejas guiadas por el Esp\u00edritu, sirven como vasos a trav\u00e9s de los cuales el Esp\u00edritu Santo se mueve, impartiendo dones sobrenaturales como\u00a0<\/span><strong>sabidur\u00eda, conocimiento, discernimiento, fe y curaci\u00f3n<\/strong><span>. A trav\u00e9s de este ministerio divino, los que buscan ayuda son liberados, fortalecidos y atra\u00eddos a una intimidad m\u00e1s profunda con Cristo.<\/span><\/p>\n<\/div><\/div><\/div><\/div><\/div><\/div><\/section><section class=\"l-section wpb_row height_auto\"><div class=\"l-section-h i-cf\"><div class=\"g-cols vc_row via_grid cols_2 laptops-cols_inherit tablets-cols_1 mobiles-cols_1 valign_middle type_default stacking_default\" style=\"--columns-gap:0px;\"><div class=\"wpb_column vc_column_container\"><div class=\"vc_column-inner\"><div class=\"w-separator size_medium\"><\/div><div class=\"wpb_text_column us_custom_46addf55\"><div class=\"wpb_wrapper\"><h2 class=\"w-text us_custom_4792172e has_text_color\"><span class=\"w-text-h\"><span class=\"w-text-value\">Escuelas ministeriales<\/span><\/span><\/h2>\n<p>Esta es una<span>\u00a0<\/span><strong>tiempo sagrado de renovaci\u00f3n espiritual<\/strong><span>\u00a0<\/span>para ministros y laicos llamados por Dios a cuidar de los necesitados de<span>\u00a0<\/span><strong>sanar el quebrantamiento<\/strong><span>\u00a0<\/span>y<span>\u00a0<\/span><strong>libertad de la esclavitud<\/strong><span>\u00a0<\/span>causadas por relaciones dolorosas o heridas del pasado.<\/p>\n<p>En el transcurso de<span>\u00a0<\/span><strong>tres d\u00edas<\/strong>, vamos a<span>\u00a0<\/span><strong>busca al Se\u00f1or<\/strong><span>\u00a0<\/span>y aprenda a<span>\u00a0<\/span><strong>reclamar la victoria de Jesucristo<\/strong><span>\u00a0<\/span>en<span>\u00a0<\/span><strong>el pecado y Satan\u00e1s<\/strong><span>\u00a0<\/span>a trav\u00e9s de<span>\u00a0<\/span><strong>una oraci\u00f3n llena de amor, escucha y fe<\/strong>.<\/p>\n<p>Muchos de los que vienen por\u00a0<strong>Ministerio Victorioso a trav\u00e9s de Cristo Ministerio de Oraci\u00f3n<\/strong><span>\u00a0<\/span>est\u00e1n agobiados:<br \/>1\ufe0f\u20e3<span>\u00a0<\/span><strong>Los pecados de los dem\u00e1s<\/strong>pasado o presente.<br \/>2\ufe0f\u20e3<span>\u00a0<\/span><strong>El peso de sus propios pecados<\/strong>como revela el<span>\u00a0<\/span><strong>Esp\u00edritu Santo<\/strong>.<br \/>3\ufe0f\u20e3<span>\u00a0<\/span><strong>Los ataques del enemigo<\/strong>pasado o presente<span>\u00a0<\/span><strong>implicaci\u00f3n oculta<\/strong>.<\/p>\n<p>A trav\u00e9s de<span>\u00a0<\/span><strong>formado Ministerio Victorioso a trav\u00e9s de Cristo Ministros de Oraci\u00f3n<\/strong>, el<span>\u00a0<\/span><strong>El Esp\u00edritu Santo se mueve con poder<\/strong>, liberando Su<span>\u00a0<\/span><strong>dones sobrenaturales<\/strong><span>\u00a0<\/span>de<span>\u00a0<\/span><strong>sabidur\u00eda, conocimiento, discernimiento, fe y curaci\u00f3n<\/strong>. Cada sesi\u00f3n se desarrolla en la unidad de<span>\u00a0<\/span><strong>dos ministros rezando de acuerdo<\/strong>, apoy\u00e1ndose en la autoridad de Cristo para el que recibe el ministerio.<\/p>\n<p><strong>Ministerio Victorioso a trav\u00e9s de Cristo Ministros de Oraci\u00f3n<\/strong><span>\u00a0<\/span>estudiar\u00e1<span>\u00a0<\/span><strong>La Palabra de Dios<\/strong><span>\u00a0<\/span>y aprenda a convertirse en<span>\u00a0<\/span><strong>vasos fieles del poder curativo de Cristo<\/strong>, llevando Su amor, libertad y restauraci\u00f3n a un mundo atado por el pecado y el quebrantamiento.<\/p>\n<p><strong>Venga, refr\u00e9squese en la presencia de Dios, reciba su toque sanador y equ\u00edpese para llevar su libertad a los dem\u00e1s.<\/strong><\/p>\n<\/div><\/div><div class=\"w-separator size_small\"><\/div><div class=\"w-btn-wrapper align_none\"><a class=\"w-btn us-btn-style_1\" href=\"#\"><span class=\"w-btn-label\">Reg\u00edstrese en<\/span><\/a><\/div><div class=\"w-separator size_medium\"><\/div><\/div><\/div><div class=\"wpb_column vc_column_container us_custom_1abf8b0e has_bg_color stretched\"><div class=\"vc_column-inner\"><div class=\"w-separator size_medium\"><\/div><div class=\"w-separator size_medium\"><\/div><\/div><\/div><\/div><\/div><\/section>","protected":false},"excerpt":{"rendered":"For The Benefit of the one receiving ministry Holy Spirit leadAboutVMTC-MexicoContact US\u201cBut thanks be to God! He gives us the victory through our Lord Jesus Christ.\u201d\u00a01 Corinthians 15:57 Victorious Ministry Through Christ \u00ae Is an\u00a0international, Holy Spirit-led ministry\u00a0that is expanding in the United States, Mexico, and Canada. Our intent is to partner with similar minded...","protected":false},"author":1,"featured_media":0,"parent":0,"menu_order":0,"comment_status":"closed","ping_status":"closed","template":"","meta":{"om_disable_all_campaigns":false,"_monsterinsights_skip_tracking":false,"_monsterinsights_sitenote_active":false,"_monsterinsights_sitenote_note":"","_monsterinsights_sitenote_category":0,"footnotes":""},"class_list":["post-356","page","type-page","status-publish","hentry"],"aioseo_notices":[],"_links":{"self":[{"href":"https:\/\/vmtc-mexico.org\/es_mx\/wp-json\/wp\/v2\/pages\/356","targetHints":{"allow":["GET"]}}],"collection":[{"href":"https:\/\/vmtc-mexico.org\/es_mx\/wp-json\/wp\/v2\/pages"}],"about":[{"href":"https:\/\/vmtc-mexico.org\/es_mx\/wp-json\/wp\/v2\/types\/page"}],"author":[{"embeddable":true,"href":"https:\/\/vmtc-mexico.org\/es_mx\/wp-json\/wp\/v2\/users\/1"}],"replies":[{"embeddable":true,"href":"https:\/\/vmtc-mexico.org\/es_mx\/wp-json\/wp\/v2\/comments?post=356"}],"version-history":[{"count":19,"href":"https:\/\/vmtc-mexico.org\/es_mx\/wp-json\/wp\/v2\/pages\/356\/revisions"}],"predecessor-version":[{"id":1108,"href":"https:\/\/vmtc-mexico.org\/es_mx\/wp-json\/wp\/v2\/pages\/356\/revisions\/1108"}],"wp:attachment":[{"href":"https:\/\/vmtc-mexico.org\/es_mx\/wp-json\/wp\/v2\/media?parent=356"}],"curies":[{"name":"wp","href":"https:\/\/api.w.org\/{rel}","templated":true}]}}