{"id":361,"date":"2021-12-06T18:18:21","date_gmt":"2021-12-06T18:18:21","guid":{"rendered":"https:\/\/impreza22.us-themes.com\/?page_id=361"},"modified":"2021-12-06T18:18:21","modified_gmt":"2021-12-06T18:18:21","slug":"pongase-en-contacto-con","status":"publish","type":"page","link":"https:\/\/vmtc-mexico.org\/es_mx\/contact\/","title":{"rendered":"Contact"},"content":{"rendered":"<section class=\"l-section wpb_row us_custom_e11ab399 height_auto\"><div class=\"l-section-h i-cf\"><div class=\"g-cols vc_row via_grid cols_2 laptops-cols_inherit tablets-cols_1 mobiles-cols_1 valign_top type_default stacking_default\" style=\"--columns-gap:20px;\"><div class=\"wpb_column vc_column_container us_custom_0ab2621b has_bg_color\"><div class=\"vc_column-inner\"><div class=\"wpb_text_column\"><div class=\"wpb_wrapper\"><h1>Contacte con nosotros<\/h1>\n<p>Capitalice la fruta al alcance de la mano para identificar una actividad de valor a\u00f1adido aproximado que probar. Supere la brecha digital con clics adicionales de DevOps.<\/p>\n<\/div><\/div><div class=\"w-separator size_large\"><\/div><div class=\"w-iconbox iconpos_left style_circle color_primary align_left\"><div class=\"w-iconbox-icon\" style=\"font-size:30px;\"><i class=\"fas fa-phone\"><\/i><\/div><div class=\"w-iconbox-meta\"><h4 class=\"w-iconbox-title\">Tel\u00e9fono<\/h4><div class=\"w-iconbox-text\"><p>+321 123 4567<\/p>\n<\/div><\/div><\/div><div class=\"w-separator size_medium\"><\/div><div class=\"w-iconbox iconpos_left style_circle color_primary align_left\"><div class=\"w-iconbox-icon\" style=\"font-size:30px;\"><i class=\"fas fa-envelope\"><\/i><\/div><div class=\"w-iconbox-meta\"><h4 class=\"w-iconbox-title\">Correo electr\u00f3nico<\/h4><div class=\"w-iconbox-text\"><p>info@example.com<\/p>\n<\/div><\/div><\/div><div class=\"w-separator size_medium\"><\/div><div class=\"w-iconbox iconpos_left style_circle color_primary align_left\"><div class=\"w-iconbox-icon\" style=\"font-size:30px;\"><i class=\"fas fa-map-marker-alt\"><\/i><\/div><div class=\"w-iconbox-meta\"><h4 class=\"w-iconbox-title\">Direcci\u00f3n<\/h4><div class=\"w-iconbox-text\"><p>823 Gateway Center Way, San Diego<\/p>\n<\/div><\/div><\/div><div class=\"w-separator size_large\"><\/div><div class=\"w-btn-wrapper align_none\"><a class=\"w-btn us-btn-style_1\" href=\"\/es_mx\/acerca-de\/\"><span class=\"w-btn-label\">M\u00e1s sobre la cl\u00ednica<\/span><\/a><\/div><div class=\"w-btn-wrapper align_none\"><a class=\"w-btn us-btn-style_2\" href=\"#\"><span class=\"w-btn-label\">Google Maps<\/span><\/a><\/div><\/div><\/div><div class=\"wpb_column vc_column_container\"><div class=\"vc_column-inner\"><div class=\"w-image us_custom_213e151c align_none\"><div class=\"w-image-h\"><img decoding=\"async\" class=\"g-placeholder\" src=\"https:\/\/vmtc-mexico.org\/wp-content\/plugins\/us-core\/assets\/images\/placeholder.svg\" width=\"\" height=\"\" alt><\/div><\/div><div class=\"w-separator size_small\"><\/div><div class=\"w-image us_custom_213e151c align_none\"><div class=\"w-image-h\"><img decoding=\"async\" class=\"g-placeholder\" src=\"https:\/\/vmtc-mexico.org\/wp-content\/plugins\/us-core\/assets\/images\/placeholder.svg\" width=\"\" height=\"\" alt><\/div><\/div><\/div><\/div><\/div><\/div><\/section><section class=\"l-section wpb_row height_custom\" id=\"career\"><div class=\"l-section-h i-cf\"><div class=\"g-cols vc_row via_grid cols_1 laptops-cols_inherit tablets-cols_inherit mobiles-cols_1 valign_top type_default stacking_default\"><div class=\"wpb_column vc_column_container\"><div class=\"vc_column-inner\"><div class=\"g-cols wpb_row via_grid cols_2 laptops-cols_inherit tablets-cols_inherit mobiles-cols_1 valign_top type_default stacking_default\" style=\"--columns-gap:20px;\"><div class=\"wpb_column vc_column_container\"><div class=\"vc_column-inner\"><h2 class=\"w-text\"><span class=\"w-text-h\"><span class=\"w-text-value\">Forme parte del equipo<\/span><\/span><\/h2><\/div><\/div><div class=\"wpb_column vc_column_container\"><div class=\"vc_column-inner\"><div class=\"w-text\"><span class=\"w-text-h\"><span class=\"w-text-value\">Nuestras cl\u00ednicas sin cita previa proporcionan atenci\u00f3n m\u00e9dica de calidad el mismo d\u00eda que la necesita, sin necesidad de cita previa. Con m\u00e1s de 145 centros, tratar su enfermedad o lesi\u00f3n es f\u00e1cil y accesible en NextCare.<\/span><\/span><\/div><\/div><\/div><\/div><div class=\"w-separator size_medium\"><\/div><div class=\"g-cols wpb_row via_grid cols_2 laptops-cols_inherit tablets-cols_inherit mobiles-cols_1 valign_top type_default stacking_default\" style=\"--columns-gap:20px;\"><div class=\"wpb_column vc_column_container\"><div class=\"vc_column-inner\"><div class=\"w-vwrapper align_none valign_top us_custom_0ab2621b\" style=\"--vwrapper-gap:12px\"><h3 class=\"w-text\"><a href=\"#\" class=\"w-text-h\"><span class=\"w-text-value\">Dermat\u00f3logo<\/span><\/a><\/h3><div class=\"w-hwrapper valign_top wrap align_none\" style=\"--hwrapper-gap:30px\"><div class=\"w-text icon_atleft\"><span class=\"w-text-h\"><i class=\"fas fa-hourglass-half\"><\/i><span class=\"w-text-value\">Tiempo completo<\/span><\/span><\/div><div class=\"w-text icon_atleft\"><span class=\"w-text-h\"><i class=\"fas fa-clinic-medical\"><\/i><span class=\"w-text-value\">Oficina<\/span><\/span><\/div><div class=\"w-text icon_atleft\"><span class=\"w-text-h\"><i class=\"fas fa-map-marker-alt\"><\/i><span class=\"w-text-value\">San Diego<\/span><\/span><\/div><\/div><div class=\"w-separator hide_on_mobiles size_small\"><\/div><div class=\"w-btn-wrapper align_left hide_on_mobiles\"><a class=\"w-btn us-btn-style_2\" href=\"#\"><span class=\"w-btn-label\">Ver vacante<\/span><\/a><\/div><\/div><\/div><\/div><div class=\"wpb_column vc_column_container\"><div class=\"vc_column-inner\"><div class=\"w-vwrapper align_none valign_top us_custom_0ab2621b\" style=\"--vwrapper-gap:12px\"><h3 class=\"w-text\"><a href=\"#\" class=\"w-text-h\"><span class=\"w-text-value\">Representante de ventas<\/span><\/a><\/h3><div class=\"w-hwrapper valign_top wrap align_none\" style=\"--hwrapper-gap:30px\"><div class=\"w-text icon_atleft\"><span class=\"w-text-h\"><i class=\"fas fa-hourglass-half\"><\/i><span class=\"w-text-value\">Tiempo completo<\/span><\/span><\/div><div class=\"w-text icon_atleft\"><span class=\"w-text-h\"><i class=\"fas fa-clinic-medical\"><\/i><span class=\"w-text-value\">Oficina<\/span><\/span><\/div><div class=\"w-text icon_atleft\"><span class=\"w-text-h\"><i class=\"fas fa-map-marker-alt\"><\/i><span class=\"w-text-value\">San Diego<\/span><\/span><\/div><\/div><div class=\"w-separator hide_on_mobiles size_small\"><\/div><div class=\"w-btn-wrapper align_none hide_on_mobiles\"><a class=\"w-btn us-btn-style_2\" href=\"#\"><span class=\"w-btn-label\">Ver vacante<\/span><\/a><\/div><\/div><\/div><\/div><div class=\"wpb_column vc_column_container\"><div class=\"vc_column-inner\"><div class=\"w-vwrapper align_none valign_top us_custom_0ab2621b\" style=\"--vwrapper-gap:12px\"><h3 class=\"w-text\"><a href=\"#\" class=\"w-text-h\"><span class=\"w-text-value\">Redactor t\u00e9cnico<\/span><\/a><\/h3><div class=\"w-hwrapper valign_top wrap align_none\" style=\"--hwrapper-gap:30px\"><div class=\"w-text icon_atleft\"><span class=\"w-text-h\"><i class=\"fas fa-hourglass-half\"><\/i><span class=\"w-text-value\">Tiempo completo<\/span><\/span><\/div><div class=\"w-text icon_atleft\"><span class=\"w-text-h\"><i class=\"fas fa-clinic-medical\"><\/i><span class=\"w-text-value\">Oficina<\/span><\/span><\/div><div class=\"w-text icon_atleft\"><span class=\"w-text-h\"><i class=\"fas fa-map-marker-alt\"><\/i><span class=\"w-text-value\">San Diego<\/span><\/span><\/div><\/div><div class=\"w-separator hide_on_mobiles size_small\"><\/div><div class=\"w-btn-wrapper align_none hide_on_mobiles\"><a class=\"w-btn us-btn-style_2\" href=\"#\"><span class=\"w-btn-label\">Ver vacante<\/span><\/a><\/div><\/div><\/div><\/div><div class=\"wpb_column vc_column_container\"><div class=\"vc_column-inner\"><div class=\"w-vwrapper align_none valign_top us_custom_0ab2621b\" style=\"--vwrapper-gap:12px\"><h3 class=\"w-text\"><a href=\"#\" class=\"w-text-h\"><span class=\"w-text-value\">Psic\u00f3logo familiar<\/span><\/a><\/h3><div class=\"w-hwrapper valign_top wrap align_none\" style=\"--hwrapper-gap:30px\"><div class=\"w-text icon_atleft\"><span class=\"w-text-h\"><i class=\"fas fa-hourglass-half\"><\/i><span class=\"w-text-value\">Tiempo completo<\/span><\/span><\/div><div class=\"w-text icon_atleft\"><span class=\"w-text-h\"><i class=\"fas fa-clinic-medical\"><\/i><span class=\"w-text-value\">Oficina<\/span><\/span><\/div><div class=\"w-text icon_atleft\"><span class=\"w-text-h\"><i class=\"fas fa-map-marker-alt\"><\/i><span class=\"w-text-value\">San Diego<\/span><\/span><\/div><\/div><div class=\"w-separator hide_on_mobiles size_small\"><\/div><div class=\"w-btn-wrapper align_none hide_on_mobiles\"><a class=\"w-btn us-btn-style_2\" href=\"#\"><span class=\"w-btn-label\">Ver vacante<\/span><\/a><\/div><\/div><\/div><\/div><\/div><\/div><\/div><\/div><\/div><\/section>","protected":false},"excerpt":{"rendered":"Contacts Us Capitalize on low hanging fruit to identify a ballpark value added activity to beta test. Override the digital divide with additional clickthroughs from DevOps. Phone+321 123 4567 Emailinfo@example.com Address823 Gateway Center Way, San Diego More About ClinicGoogle MapsBecome Part of the TeamOur walk-in clinics provide quality medical care the day you need it...","protected":false},"author":1,"featured_media":0,"parent":0,"menu_order":0,"comment_status":"closed","ping_status":"closed","template":"","meta":{"om_disable_all_campaigns":false,"_monsterinsights_skip_tracking":false,"_monsterinsights_sitenote_active":false,"_monsterinsights_sitenote_note":"","_monsterinsights_sitenote_category":0,"footnotes":""},"class_list":["post-361","page","type-page","status-publish","hentry"],"aioseo_notices":[],"_links":{"self":[{"href":"https:\/\/vmtc-mexico.org\/es_mx\/wp-json\/wp\/v2\/pages\/361","targetHints":{"allow":["GET"]}}],"collection":[{"href":"https:\/\/vmtc-mexico.org\/es_mx\/wp-json\/wp\/v2\/pages"}],"about":[{"href":"https:\/\/vmtc-mexico.org\/es_mx\/wp-json\/wp\/v2\/types\/page"}],"author":[{"embeddable":true,"href":"https:\/\/vmtc-mexico.org\/es_mx\/wp-json\/wp\/v2\/users\/1"}],"replies":[{"embeddable":true,"href":"https:\/\/vmtc-mexico.org\/es_mx\/wp-json\/wp\/v2\/comments?post=361"}],"version-history":[{"count":0,"href":"https:\/\/vmtc-mexico.org\/es_mx\/wp-json\/wp\/v2\/pages\/361\/revisions"}],"wp:attachment":[{"href":"https:\/\/vmtc-mexico.org\/es_mx\/wp-json\/wp\/v2\/media?parent=361"}],"curies":[{"name":"wp","href":"https:\/\/api.w.org\/{rel}","templated":true}]}}